{"id":15,"date":"2015-10-26T10:56:34","date_gmt":"2015-10-26T09:56:34","guid":{"rendered":"http:\/\/quincaillerie-montpellier-34.com\/?page_id=15"},"modified":"2016-10-05T08:03:49","modified_gmt":"2016-10-05T07:03:49","slug":"machines-a-bois","status":"publish","type":"page","link":"https:\/\/quincaillerie-montpellier-34.com\/index.php\/machines-a-bois\/","title":{"rendered":"Machines \u00e0 bois"},"content":{"rendered":"<div id=\"kad-wp-gallery29\" class=\"kad-wp-gallery kad-light-wp-gallery clearfix kt-gallery-column-5 rowtight\"><div class=\"tcol-lg-25 tcol-md-25 tcol-sm-3 tcol-xs-4 tcol-ss-6 g_item\"><div class=\"grid_item kad_gallery_fade_in gallery_item\"><a href=\"https:\/\/quincaillerie-montpellier-34.com\/wp-content\/uploads\/2015\/10\/cotet-montpellier-quincaillerie.jpg\" data-rel=\"lightbox\" class=\"lightboxhover\"><img src=\"https:\/\/quincaillerie-montpellier-34.com\/wp-content\/uploads\/2015\/10\/cotet-montpellier-quincaillerie-300x300.jpg\" width=\"300\" height=\"300\" alt=\"\" srcset=\"https:\/\/quincaillerie-montpellier-34.com\/wp-content\/uploads\/2015\/10\/cotet-montpellier-quincaillerie-300x300.jpg 300w, https:\/\/quincaillerie-montpellier-34.com\/wp-content\/uploads\/2015\/10\/cotet-montpellier-quincaillerie-150x150.jpg 150w, https:\/\/quincaillerie-montpellier-34.com\/wp-content\/uploads\/2015\/10\/cotet-montpellier-quincaillerie-600x600.jpg 600w\" sizes=\"(max-width: 300px) 100vw, 300px\" class=\"light-dropshaddow\"\/><\/a><\/div><\/div><div class=\"tcol-lg-25 tcol-md-25 tcol-sm-3 tcol-xs-4 tcol-ss-6 g_item\"><div class=\"grid_item kad_gallery_fade_in gallery_item\"><a href=\"https:\/\/quincaillerie-montpellier-34.com\/wp-content\/uploads\/2015\/10\/20151028_113802.jpg\" data-rel=\"lightbox\" class=\"lightboxhover\"><img src=\"https:\/\/quincaillerie-montpellier-34.com\/wp-content\/uploads\/2015\/10\/20151028_113802-300x300.jpg\" width=\"300\" height=\"300\" alt=\"\" srcset=\"https:\/\/quincaillerie-montpellier-34.com\/wp-content\/uploads\/2015\/10\/20151028_113802-300x300.jpg 300w, https:\/\/quincaillerie-montpellier-34.com\/wp-content\/uploads\/2015\/10\/20151028_113802-150x150.jpg 150w, https:\/\/quincaillerie-montpellier-34.com\/wp-content\/uploads\/2015\/10\/20151028_113802-600x600.jpg 600w\" sizes=\"(max-width: 300px) 100vw, 300px\" class=\"light-dropshaddow\"\/><\/a><\/div><\/div><div class=\"tcol-lg-25 tcol-md-25 tcol-sm-3 tcol-xs-4 tcol-ss-6 g_item\"><div class=\"grid_item kad_gallery_fade_in gallery_item\"><a href=\"https:\/\/quincaillerie-montpellier-34.com\/wp-content\/uploads\/2015\/10\/cotet-montpellier-2.jpg\" data-rel=\"lightbox\" class=\"lightboxhover\"><img src=\"https:\/\/quincaillerie-montpellier-34.com\/wp-content\/uploads\/2015\/10\/cotet-montpellier-2-300x300.jpg\" width=\"300\" height=\"300\" alt=\"\" srcset=\"https:\/\/quincaillerie-montpellier-34.com\/wp-content\/uploads\/2015\/10\/cotet-montpellier-2-300x300.jpg 300w, https:\/\/quincaillerie-montpellier-34.com\/wp-content\/uploads\/2015\/10\/cotet-montpellier-2-150x150.jpg 150w, https:\/\/quincaillerie-montpellier-34.com\/wp-content\/uploads\/2015\/10\/cotet-montpellier-2-600x600.jpg 600w\" sizes=\"(max-width: 300px) 100vw, 300px\" class=\"light-dropshaddow\"\/><\/a><\/div><\/div><div class=\"tcol-lg-25 tcol-md-25 tcol-sm-3 tcol-xs-4 tcol-ss-6 g_item\"><div class=\"grid_item kad_gallery_fade_in gallery_item\"><a href=\"https:\/\/quincaillerie-montpellier-34.com\/wp-content\/uploads\/2015\/10\/20151028_113920.jpg\" data-rel=\"lightbox\" class=\"lightboxhover\"><img src=\"https:\/\/quincaillerie-montpellier-34.com\/wp-content\/uploads\/2015\/10\/20151028_113920-300x300.jpg\" width=\"300\" height=\"300\" alt=\"\" srcset=\"https:\/\/quincaillerie-montpellier-34.com\/wp-content\/uploads\/2015\/10\/20151028_113920-300x300.jpg 300w, https:\/\/quincaillerie-montpellier-34.com\/wp-content\/uploads\/2015\/10\/20151028_113920-150x150.jpg 150w, https:\/\/quincaillerie-montpellier-34.com\/wp-content\/uploads\/2015\/10\/20151028_113920-600x600.jpg 600w\" sizes=\"(max-width: 300px) 100vw, 300px\" class=\"light-dropshaddow\"\/><\/a><\/div><\/div><div class=\"tcol-lg-25 tcol-md-25 tcol-sm-3 tcol-xs-4 tcol-ss-6 g_item\"><div class=\"grid_item kad_gallery_fade_in gallery_item\"><a href=\"https:\/\/quincaillerie-montpellier-34.com\/wp-content\/uploads\/2015\/10\/20151028_113938.jpg\" data-rel=\"lightbox\" class=\"lightboxhover\"><img src=\"https:\/\/quincaillerie-montpellier-34.com\/wp-content\/uploads\/2015\/10\/20151028_113938-300x300.jpg\" width=\"300\" height=\"300\" alt=\"\" srcset=\"https:\/\/quincaillerie-montpellier-34.com\/wp-content\/uploads\/2015\/10\/20151028_113938-300x300.jpg 300w, https:\/\/quincaillerie-montpellier-34.com\/wp-content\/uploads\/2015\/10\/20151028_113938-150x150.jpg 150w, https:\/\/quincaillerie-montpellier-34.com\/wp-content\/uploads\/2015\/10\/20151028_113938-600x600.jpg 600w\" sizes=\"(max-width: 300px) 100vw, 300px\" class=\"light-dropshaddow\"\/><\/a><\/div><\/div><\/div>\n<p><strong>Vente machines \u00e0 bois.<\/strong><\/p>\n<ul style=\"list-style-type: square;\">\n<li>Individuelle<\/li>\n<li>Collective<\/li>\n<li>Toupie<\/li>\n<li>Scie circulaire<\/li>\n<li>Raboteuse<\/li>\n<li>D\u00e9gauchisseuse<\/li>\n<li>&#8230;<\/li>\n<\/ul>\n<p><strong>Machine \u00e9lectroportative<\/strong><\/p>\n<ul style=\"list-style-type: square;\">\n<li>Scie sauteuse<\/li>\n<li>Scie circulaire<\/li>\n<li>D\u00e9fonceuse<\/li>\n<li>Perceuse<\/li>\n<li>Visseuse<\/li>\n<li>Burineur<\/li>\n<li>&#8230;<\/li>\n<\/ul>\n<p><strong>Outillage<\/strong><\/p>\n<ul style=\"list-style-type: square;\">\n<li>Machine<\/li>\n<li>Porte-outils<\/li>\n<li>Rabot<\/li>\n<li>Lime<\/li>\n<li>Ciseau \u00e0 bois<\/li>\n<li>&#8230;<\/li>\n<\/ul>\n<p>&nbsp;<\/p>\n<h2>Pour plus d\u2019info nous vous invitons \u00e0 nous contacter au :<\/h2>\n<h2>04 67 42 02 32<\/h2>\n","protected":false},"excerpt":{"rendered":"<p>Vente machines \u00e0 bois. Individuelle Collective Toupie Scie circulaire Raboteuse D\u00e9gauchisseuse &#8230; Machine \u00e9lectroportative Scie sauteuse Scie circulaire D\u00e9fonceuse Perceuse Visseuse Burineur &#8230; Outillage Machine Porte-outils Rabot Lime Ciseau \u00e0 bois &#8230; &nbsp; Pour plus d\u2019info nous vous invitons \u00e0 &hellip; <a href=\"https:\/\/quincaillerie-montpellier-34.com\/index.php\/machines-a-bois\/\">Lire la suite\u00ad\u00ad<\/a><\/p>\n","protected":false},"author":1,"featured_media":0,"parent":0,"menu_order":0,"comment_status":"closed","ping_status":"closed","template":"","meta":[],"_links":{"self":[{"href":"https:\/\/quincaillerie-montpellier-34.com\/index.php\/wp-json\/wp\/v2\/pages\/15"}],"collection":[{"href":"https:\/\/quincaillerie-montpellier-34.com\/index.php\/wp-json\/wp\/v2\/pages"}],"about":[{"href":"https:\/\/quincaillerie-montpellier-34.com\/index.php\/wp-json\/wp\/v2\/types\/page"}],"author":[{"embeddable":true,"href":"https:\/\/quincaillerie-montpellier-34.com\/index.php\/wp-json\/wp\/v2\/users\/1"}],"replies":[{"embeddable":true,"href":"https:\/\/quincaillerie-montpellier-34.com\/index.php\/wp-json\/wp\/v2\/comments?post=15"}],"version-history":[{"count":11,"href":"https:\/\/quincaillerie-montpellier-34.com\/index.php\/wp-json\/wp\/v2\/pages\/15\/revisions"}],"predecessor-version":[{"id":86,"href":"https:\/\/quincaillerie-montpellier-34.com\/index.php\/wp-json\/wp\/v2\/pages\/15\/revisions\/86"}],"wp:attachment":[{"href":"https:\/\/quincaillerie-montpellier-34.com\/index.php\/wp-json\/wp\/v2\/media?parent=15"}],"curies":[{"name":"wp","href":"https:\/\/api.w.org\/{rel}","templated":true}]}}