{"id":19,"date":"2015-10-26T10:57:41","date_gmt":"2015-10-26T09:57:41","guid":{"rendered":"http:\/\/quincaillerie-montpellier-34.com\/?page_id=19"},"modified":"2016-10-05T08:03:15","modified_gmt":"2016-10-05T07:03:15","slug":"quincaillerie","status":"publish","type":"page","link":"https:\/\/quincaillerie-montpellier-34.com\/index.php\/quincaillerie\/","title":{"rendered":"Quincaillerie"},"content":{"rendered":"<p><strong>Ameublement<\/strong><\/p>\n<ul style=\"list-style-type: square;\">\n<li>Serrures<\/li>\n<li>Charni\u00e8res<\/li>\n<li>Paumelles<\/li>\n<li>Coulisses<\/li>\n<li>Poign\u00e9es<\/li>\n<li>Boutons&#8230;<\/li>\n<\/ul>\n<p><strong>B\u00e2timent<\/strong><\/p>\n<ul style=\"list-style-type: square;\">\n<li>Cr\u00e9mones<\/li>\n<li>Serrures<\/li>\n<li>Poign\u00e9es de porte<\/li>\n<li>Verrous<\/li>\n<li>Charni\u00e8res<\/li>\n<li>Paumelles&#8230;<\/li>\n<\/ul>\n<p><strong>Visserie<\/strong><\/p>\n<ul style=\"list-style-type: square;\">\n<li>Bois<\/li>\n<li>Filetage total<\/li>\n<li>Filetage partiel<\/li>\n<li>Visserie m\u00e9tal sur demande<\/li>\n<\/ul>\n<p>&nbsp;<\/p>\n<p><strong>Chevilles<\/strong><\/p>\n<ul style=\"list-style-type: square;\">\n<li>A frapper<\/li>\n<li>B\u00e9ton&#8230;<\/li>\n<\/ul>\n<h2>Pour plus d&#8217;info nous vous invitons \u00e0 nous contacter au :<\/h2>\n<h2>04 67 42 02 32<\/h2>\n","protected":false},"excerpt":{"rendered":"<p>Ameublement Serrures Charni\u00e8res Paumelles Coulisses Poign\u00e9es Boutons&#8230; B\u00e2timent Cr\u00e9mones Serrures Poign\u00e9es de porte Verrous Charni\u00e8res Paumelles&#8230; Visserie Bois Filetage total Filetage partiel Visserie m\u00e9tal sur demande &nbsp; Chevilles A frapper B\u00e9ton&#8230; Pour plus d&#8217;info nous vous invitons \u00e0 nous contacter &hellip; <a href=\"https:\/\/quincaillerie-montpellier-34.com\/index.php\/quincaillerie\/\">Lire la suite\u00ad\u00ad<\/a><\/p>\n","protected":false},"author":1,"featured_media":0,"parent":0,"menu_order":0,"comment_status":"closed","ping_status":"closed","template":"","meta":[],"_links":{"self":[{"href":"https:\/\/quincaillerie-montpellier-34.com\/index.php\/wp-json\/wp\/v2\/pages\/19"}],"collection":[{"href":"https:\/\/quincaillerie-montpellier-34.com\/index.php\/wp-json\/wp\/v2\/pages"}],"about":[{"href":"https:\/\/quincaillerie-montpellier-34.com\/index.php\/wp-json\/wp\/v2\/types\/page"}],"author":[{"embeddable":true,"href":"https:\/\/quincaillerie-montpellier-34.com\/index.php\/wp-json\/wp\/v2\/users\/1"}],"replies":[{"embeddable":true,"href":"https:\/\/quincaillerie-montpellier-34.com\/index.php\/wp-json\/wp\/v2\/comments?post=19"}],"version-history":[{"count":10,"href":"https:\/\/quincaillerie-montpellier-34.com\/index.php\/wp-json\/wp\/v2\/pages\/19\/revisions"}],"predecessor-version":[{"id":85,"href":"https:\/\/quincaillerie-montpellier-34.com\/index.php\/wp-json\/wp\/v2\/pages\/19\/revisions\/85"}],"wp:attachment":[{"href":"https:\/\/quincaillerie-montpellier-34.com\/index.php\/wp-json\/wp\/v2\/media?parent=19"}],"curies":[{"name":"wp","href":"https:\/\/api.w.org\/{rel}","templated":true}]}}