{"id":21,"date":"2015-10-26T10:58:04","date_gmt":"2015-10-26T09:58:04","guid":{"rendered":"http:\/\/quincaillerie-montpellier-34.com\/?page_id=21"},"modified":"2015-10-28T15:25:08","modified_gmt":"2015-10-28T14:25:08","slug":"affutage","status":"publish","type":"page","link":"https:\/\/quincaillerie-montpellier-34.com\/index.php\/affutage\/","title":{"rendered":"Aff\u00fbtage"},"content":{"rendered":"<p><strong>Aff\u00fbtage Montpellier<\/strong><br \/>\n<strong>Aff\u00fbtages tous types<\/strong><\/p>\n<ul style=\"list-style-type: square;\">\n<li>Carbure<\/li>\n<li>Acier<\/li>\n<li>Scie circulaire<\/li>\n<li>Fer<\/li>\n<li>Scie \u00e0 ruban<\/li>\n<li>Outillage de toupie<\/li>\n<li>Cha\u00eene de tron\u00e7onneuse<\/li>\n<li>&#8230;<\/li>\n<\/ul>\n<p><strong>Outils de jardin<\/strong><\/p>\n<ul style=\"list-style-type: square;\">\n<li>S\u00e9cateur<\/li>\n<li>Ciseau<\/li>\n<li>Tondeuse<\/li>\n<li>Taille-haies<\/li>\n<li>Pr\u00e9-tailleuse<\/li>\n<li>Fraise de d\u00e9fonceuse<\/li>\n<li>&#8230;<\/li>\n<\/ul>\n<p><strong>Nos plus :<\/strong><\/p>\n<ul style=\"list-style-type: square;\">\n<li>Quincaillerie pour le\u00a0 b\u00e2timent et l&#8217;ameublement<\/li>\n<li>D\u00e9pose de mat\u00e9riel en magasin<\/li>\n<li>&#8230;<\/li>\n<\/ul>\n<p><strong>Avant aff\u00fbtage<\/strong><\/p>\n<p>V\u00e9rification du mat\u00e9riel<br \/>\nNettoyage du mat\u00e9riel<\/p>\n<p>&nbsp;<\/p>\n<h2>Pour plus d\u2019info nous vous invitons \u00e0 nous contacter au :<\/h2>\n<h2>04 67 42 02 32<\/h2>\n","protected":false},"excerpt":{"rendered":"<p>Aff\u00fbtage Montpellier Aff\u00fbtages tous types Carbure Acier Scie circulaire Fer Scie \u00e0 ruban Outillage de toupie Cha\u00eene de tron\u00e7onneuse &#8230; Outils de jardin S\u00e9cateur Ciseau Tondeuse Taille-haies Pr\u00e9-tailleuse Fraise de d\u00e9fonceuse &#8230; Nos plus : Quincaillerie pour le\u00a0 b\u00e2timent et &hellip; <a href=\"https:\/\/quincaillerie-montpellier-34.com\/index.php\/affutage\/\">Lire la suite\u00ad\u00ad<\/a><\/p>\n","protected":false},"author":1,"featured_media":0,"parent":0,"menu_order":0,"comment_status":"closed","ping_status":"closed","template":"","meta":[],"_links":{"self":[{"href":"https:\/\/quincaillerie-montpellier-34.com\/index.php\/wp-json\/wp\/v2\/pages\/21"}],"collection":[{"href":"https:\/\/quincaillerie-montpellier-34.com\/index.php\/wp-json\/wp\/v2\/pages"}],"about":[{"href":"https:\/\/quincaillerie-montpellier-34.com\/index.php\/wp-json\/wp\/v2\/types\/page"}],"author":[{"embeddable":true,"href":"https:\/\/quincaillerie-montpellier-34.com\/index.php\/wp-json\/wp\/v2\/users\/1"}],"replies":[{"embeddable":true,"href":"https:\/\/quincaillerie-montpellier-34.com\/index.php\/wp-json\/wp\/v2\/comments?post=21"}],"version-history":[{"count":4,"href":"https:\/\/quincaillerie-montpellier-34.com\/index.php\/wp-json\/wp\/v2\/pages\/21\/revisions"}],"predecessor-version":[{"id":72,"href":"https:\/\/quincaillerie-montpellier-34.com\/index.php\/wp-json\/wp\/v2\/pages\/21\/revisions\/72"}],"wp:attachment":[{"href":"https:\/\/quincaillerie-montpellier-34.com\/index.php\/wp-json\/wp\/v2\/media?parent=21"}],"curies":[{"name":"wp","href":"https:\/\/api.w.org\/{rel}","templated":true}]}}