{"id":5,"date":"2015-10-26T08:35:08","date_gmt":"2015-10-26T07:35:08","guid":{"rendered":"http:\/\/quincaillerie-montpellier-34.com\/?page_id=5"},"modified":"2015-10-26T11:57:07","modified_gmt":"2015-10-26T10:57:07","slug":"quincaillerie-montpellier","status":"publish","type":"page","link":"https:\/\/quincaillerie-montpellier-34.com\/","title":{"rendered":"Accueil"},"content":{"rendered":"<h1><strong>COTET MONTPELLIER<\/strong><\/h1>\n<p>&nbsp;<\/p>\n<p>Bienvenue<\/p>\n<p>Notre entreprise est situ\u00e9 \u00e0 Montpellier, depuis 1956, nous vous proposons de d\u00e9couvrir et de mieux conna\u00eetre le monde de la quincaillerie en vous conseillant dans vos achats de mat\u00e9riel, d&#8217;outillage, de produits de finition&#8230;<\/p>\n<p>Nous commercialisons diff\u00e9rents types de machines \u00e0 bois mais \u00e9galement des peintures et vernis et proc\u00e9dons \u00e0 l&#8217;affutage de vos outils.<br \/>\nNos produits s&#8217;adressent aux professionnels et aux particuliers, nous disposons d&#8217;un stock important gr\u00e2ce \u00e0 une grande quantit\u00e9 d&#8217;articles en stock.<\/p>\n<p>Nous proposons un service apr\u00e8s-vente avec possibilit\u00e9 de pr\u00eat de machines.<\/p>\n<p>&nbsp;<\/p>\n<h2>Prenez contact avec nous ou rendez nous visite pour de plus amples renseignements.<\/h2>\n<p>&nbsp;<\/p>\n<p>&nbsp;<\/p>\n<p>&nbsp;<\/p>\n","protected":false},"excerpt":{"rendered":"<p>COTET MONTPELLIER &nbsp; Bienvenue Notre entreprise est situ\u00e9 \u00e0 Montpellier, depuis 1956, nous vous proposons de d\u00e9couvrir et de mieux conna\u00eetre le monde de la quincaillerie en vous conseillant dans vos achats de mat\u00e9riel, d&#8217;outillage, de produits de finition&#8230; Nous &hellip; <a href=\"https:\/\/quincaillerie-montpellier-34.com\/\">Lire la suite\u00ad\u00ad<\/a><\/p>\n","protected":false},"author":1,"featured_media":0,"parent":0,"menu_order":0,"comment_status":"closed","ping_status":"closed","template":"","meta":[],"_links":{"self":[{"href":"https:\/\/quincaillerie-montpellier-34.com\/index.php\/wp-json\/wp\/v2\/pages\/5"}],"collection":[{"href":"https:\/\/quincaillerie-montpellier-34.com\/index.php\/wp-json\/wp\/v2\/pages"}],"about":[{"href":"https:\/\/quincaillerie-montpellier-34.com\/index.php\/wp-json\/wp\/v2\/types\/page"}],"author":[{"embeddable":true,"href":"https:\/\/quincaillerie-montpellier-34.com\/index.php\/wp-json\/wp\/v2\/users\/1"}],"replies":[{"embeddable":true,"href":"https:\/\/quincaillerie-montpellier-34.com\/index.php\/wp-json\/wp\/v2\/comments?post=5"}],"version-history":[{"count":13,"href":"https:\/\/quincaillerie-montpellier-34.com\/index.php\/wp-json\/wp\/v2\/pages\/5\/revisions"}],"predecessor-version":[{"id":60,"href":"https:\/\/quincaillerie-montpellier-34.com\/index.php\/wp-json\/wp\/v2\/pages\/5\/revisions\/60"}],"wp:attachment":[{"href":"https:\/\/quincaillerie-montpellier-34.com\/index.php\/wp-json\/wp\/v2\/media?parent=5"}],"curies":[{"name":"wp","href":"https:\/\/api.w.org\/{rel}","templated":true}]}}